{"id":47,"date":"2022-05-22T06:06:36","date_gmt":"2022-05-22T06:06:36","guid":{"rendered":"https:\/\/ximena.demendieta.name\/?post_type=product&#038;p=47"},"modified":"2022-05-22T06:20:44","modified_gmt":"2022-05-22T06:20:44","slug":"47","status":"publish","type":"product","link":"https:\/\/ximena.demendieta.name\/?product=47","title":{"rendered":"Aud\u00edfonos al\u00e1mbricos Ghia comet2 con manos libres \/ color rojo"},"content":{"rendered":"<p>&nbsp;<\/p>\n<p align=\"justify\"><span style=\"color: #212529;\"><span style=\"font-family: poppins-regular;\"><span style=\"font-size: medium;\"><b>Disfruta de tu m\u00fasica y llamadas con los manos libres Ghia &#8211; aud\u00edfonos Ghia con cable pl\u00e1stico texturizado de mayor resistencia &#8211; protecciones de goma para tu comodidad &#8211; control para contestar y colgar llamadas<\/b><\/span><\/span><\/span><\/p>\n<table class=\"no-padding table response-table table-adicionales my-auto mx-auto table-hover table-sm\">\n<tbody>\n<tr bgcolor=\"#FFFFFF\">\n<td class=\"encab\">GARANTIA<\/td>\n<td class=\"letra4\">1 A\u00f1o<\/td>\n<\/tr>\n<tr>\n<th class=\"uppercase\" colspan=\"2\">ADICIONALES<\/th>\n<\/tr>\n<tr bgcolor=\"#F5F5F5\">\n<td class=\"encab\">TIPO DE AUD\u00cdFONO<\/td>\n<td class=\"letra4\">INTRAUDITIVO<\/td>\n<\/tr>\n<tr bgcolor=\"#FFFFFF\">\n<td class=\"encab\">INCLUYE CONTROL REMOTO<\/td>\n<td class=\"letra4\">NO<\/td>\n<\/tr>\n<tr bgcolor=\"#F5F5F5\">\n<td class=\"encab\">COLOR<\/td>\n<td class=\"letra4\">ROJO<\/td>\n<\/tr>\n<tr bgcolor=\"#FFFFFF\">\n<td class=\"encab\">TIPO DE CONEXION<\/td>\n<td class=\"letra4\">AL\u00c1MBRICO<\/td>\n<\/tr>\n<tr bgcolor=\"#F5F5F5\">\n<td class=\"encab\">INTERFAZ<\/td>\n<td class=\"letra4\">3.5 MM<\/td>\n<\/tr>\n<tr bgcolor=\"#FFFFFF\">\n<td class=\"encab\">ALCANCE DE CONEXI\u00d3N<\/td>\n<td class=\"letra4\">1 MT<\/td>\n<\/tr>\n<tr bgcolor=\"#F5F5F5\">\n<td class=\"encab\">INCLUYE MICROFONO<\/td>\n<td class=\"letra4\">SI<\/td>\n<\/tr>\n<tr bgcolor=\"#FFFFFF\">\n<td class=\"encab\">FUNCI\u00d3N MANOS LIBRES<\/td>\n<td class=\"letra4\">SI<\/td>\n<\/tr>\n<tr bgcolor=\"#F5F5F5\">\n<td class=\"encab\">DURACI\u00d3N DE BATERIA<\/td>\n<td class=\"letra4\">N\/A<\/td>\n<\/tr>\n<tr bgcolor=\"#FFFFFF\">\n<td class=\"encab\">PLEGABLES<\/td>\n<td class=\"letra4\">NO<\/td>\n<\/tr>\n<tr bgcolor=\"#F5F5F5\">\n<td class=\"encab\">MATERIAL DE ARMAZ\u00d3N<\/td>\n<td class=\"letra4\">PL\u00c1STICO<\/td>\n<\/tr>\n<tr bgcolor=\"#FFFFFF\">\n<td class=\"encab\">CANCELACI\u00d3N DE RUIDO<\/td>\n<\/tr>\n<\/tbody>\n<\/table>\n","protected":false},"excerpt":{"rendered":"<div class=\"row\">\n<div class=\"col-md-12\">\n<div class=\"prod-description\">\n<div class=\"row mx-auto\">\n<div class=\"col-md-12 pt-4 pb-2 pl-5 pr-5\"><span class=\"description-avatar description-avatar-only-product px-auto py-auto span-td-desc text-left d-block\">AUDIFONOS ALAMBRICOS GHIA COMET2 CON MANOS LIBRES \/ COLOR ROJO<\/span><\/div>\n<\/div>\n<\/div>\n<\/div>\n<\/div>\n<div class=\"row\">\n<div class=\"col-md-4\">\n<div class=\"row\">\n<div class=\"col-md-12\">\n<div class=\"wrap-image-product col-md-12\">\n<div class=\"row mx-auto\">\n<div class=\"col-md-12 no-padding\"><\/div>\n<\/div>\n<\/div>\n<\/div>\n<\/div>\n<\/div>\n<\/div>\n","protected":false},"featured_media":49,"comment_status":"open","ping_status":"closed","template":"","meta":{"spay_email":""},"product_cat":[17,20,16],"product_tag":[18],"class_list":{"0":"post-47","1":"product","2":"type-product","3":"status-publish","4":"has-post-thumbnail","6":"product_cat-accesorios","7":"product_cat-audio-tecnologia","8":"product_cat-tecnologia","9":"product_tag-audifonos","10":"thunk-woo-product-list","11":"opn-qv-enable","12":"amaz-store-woo-hover-","13":"open-single-product-tab-horizontal","14":"open-shadow-","15":"open-shadow-hover-","17":"first","18":"instock","19":"shipping-taxable","20":"purchasable","21":"product-type-simple"},"yoast_head":"<!-- This site is optimized with the Yoast SEO plugin v20.5 - https:\/\/yoast.com\/wordpress\/plugins\/seo\/ -->\n<title>Aud\u00edfonos al\u00e1mbricos Ghia comet2 con manos libres \/ color rojo - Ximena<\/title>\n<meta name=\"robots\" content=\"index, follow, max-snippet:-1, max-image-preview:large, max-video-preview:-1\" \/>\n<link rel=\"canonical\" href=\"https:\/\/ximena.demendieta.name\/?product=47\" \/>\n<meta property=\"og:locale\" content=\"es_MX\" \/>\n<meta property=\"og:type\" content=\"article\" \/>\n<meta property=\"og:title\" content=\"Aud\u00edfonos al\u00e1mbricos Ghia comet2 con manos libres \/ color rojo - Ximena\" \/>\n<meta property=\"og:description\" content=\"AUDIFONOS ALAMBRICOS GHIA COMET2 CON MANOS LIBRES \/ COLOR ROJO\" \/>\n<meta property=\"og:url\" content=\"https:\/\/ximena.demendieta.name\/?product=47\" \/>\n<meta property=\"og:site_name\" content=\"Ximena\" \/>\n<meta property=\"article:modified_time\" content=\"2022-05-22T06:20:44+00:00\" \/>\n<meta property=\"og:image\" content=\"https:\/\/ximena.demendieta.name\/wp-content\/uploads\/2022\/05\/auditonos-guia-rojos.jpeg\" \/>\n\t<meta property=\"og:image:width\" content=\"200\" \/>\n\t<meta property=\"og:image:height\" content=\"200\" \/>\n\t<meta property=\"og:image:type\" content=\"image\/jpeg\" \/>\n<meta name=\"twitter:card\" content=\"summary_large_image\" \/>\n<meta name=\"twitter:label1\" content=\"Tiempo de lectura\" \/>\n\t<meta name=\"twitter:data1\" content=\"1 minuto\" \/>\n<script type=\"application\/ld+json\" class=\"yoast-schema-graph\">{\"@context\":\"https:\/\/schema.org\",\"@graph\":[{\"@type\":\"WebPage\",\"@id\":\"https:\/\/ximena.demendieta.name\/?product=47\",\"url\":\"https:\/\/ximena.demendieta.name\/?product=47\",\"name\":\"Aud\u00edfonos al\u00e1mbricos Ghia comet2 con manos libres \/ color rojo - Ximena\",\"isPartOf\":{\"@id\":\"https:\/\/ximena.demendieta.name\/#website\"},\"datePublished\":\"2022-05-22T06:06:36+00:00\",\"dateModified\":\"2022-05-22T06:20:44+00:00\",\"breadcrumb\":{\"@id\":\"https:\/\/ximena.demendieta.name\/?product=47#breadcrumb\"},\"inLanguage\":\"es\",\"potentialAction\":[{\"@type\":\"ReadAction\",\"target\":[\"https:\/\/ximena.demendieta.name\/?product=47\"]}]},{\"@type\":\"BreadcrumbList\",\"@id\":\"https:\/\/ximena.demendieta.name\/?product=47#breadcrumb\",\"itemListElement\":[{\"@type\":\"ListItem\",\"position\":1,\"name\":\"Inicio\",\"item\":\"https:\/\/ximena.demendieta.name\/\"},{\"@type\":\"ListItem\",\"position\":2,\"name\":\"Tienda\",\"item\":\"https:\/\/ximena.demendieta.name\/\"},{\"@type\":\"ListItem\",\"position\":3,\"name\":\"Aud\u00edfonos al\u00e1mbricos Ghia comet2 con manos libres \/ color rojo\"}]},{\"@type\":\"WebSite\",\"@id\":\"https:\/\/ximena.demendieta.name\/#website\",\"url\":\"https:\/\/ximena.demendieta.name\/\",\"name\":\"Ximena\",\"description\":\"Just another WordPress site\",\"potentialAction\":[{\"@type\":\"SearchAction\",\"target\":{\"@type\":\"EntryPoint\",\"urlTemplate\":\"https:\/\/ximena.demendieta.name\/?s={search_term_string}\"},\"query-input\":\"required name=search_term_string\"}],\"inLanguage\":\"es\"}]}<\/script>\n<!-- \/ Yoast SEO plugin. -->","yoast_head_json":{"title":"Aud\u00edfonos al\u00e1mbricos Ghia comet2 con manos libres \/ color rojo - Ximena","robots":{"index":"index","follow":"follow","max-snippet":"max-snippet:-1","max-image-preview":"max-image-preview:large","max-video-preview":"max-video-preview:-1"},"canonical":"https:\/\/ximena.demendieta.name\/?product=47","og_locale":"es_MX","og_type":"article","og_title":"Aud\u00edfonos al\u00e1mbricos Ghia comet2 con manos libres \/ color rojo - Ximena","og_description":"AUDIFONOS ALAMBRICOS GHIA COMET2 CON MANOS LIBRES \/ COLOR ROJO","og_url":"https:\/\/ximena.demendieta.name\/?product=47","og_site_name":"Ximena","article_modified_time":"2022-05-22T06:20:44+00:00","og_image":[{"width":200,"height":200,"url":"https:\/\/ximena.demendieta.name\/wp-content\/uploads\/2022\/05\/auditonos-guia-rojos.jpeg","type":"image\/jpeg"}],"twitter_card":"summary_large_image","twitter_misc":{"Tiempo de lectura":"1 minuto"},"schema":{"@context":"https:\/\/schema.org","@graph":[{"@type":"WebPage","@id":"https:\/\/ximena.demendieta.name\/?product=47","url":"https:\/\/ximena.demendieta.name\/?product=47","name":"Aud\u00edfonos al\u00e1mbricos Ghia comet2 con manos libres \/ color rojo - Ximena","isPartOf":{"@id":"https:\/\/ximena.demendieta.name\/#website"},"datePublished":"2022-05-22T06:06:36+00:00","dateModified":"2022-05-22T06:20:44+00:00","breadcrumb":{"@id":"https:\/\/ximena.demendieta.name\/?product=47#breadcrumb"},"inLanguage":"es","potentialAction":[{"@type":"ReadAction","target":["https:\/\/ximena.demendieta.name\/?product=47"]}]},{"@type":"BreadcrumbList","@id":"https:\/\/ximena.demendieta.name\/?product=47#breadcrumb","itemListElement":[{"@type":"ListItem","position":1,"name":"Inicio","item":"https:\/\/ximena.demendieta.name\/"},{"@type":"ListItem","position":2,"name":"Tienda","item":"https:\/\/ximena.demendieta.name\/"},{"@type":"ListItem","position":3,"name":"Aud\u00edfonos al\u00e1mbricos Ghia comet2 con manos libres \/ color rojo"}]},{"@type":"WebSite","@id":"https:\/\/ximena.demendieta.name\/#website","url":"https:\/\/ximena.demendieta.name\/","name":"Ximena","description":"Just another WordPress site","potentialAction":[{"@type":"SearchAction","target":{"@type":"EntryPoint","urlTemplate":"https:\/\/ximena.demendieta.name\/?s={search_term_string}"},"query-input":"required name=search_term_string"}],"inLanguage":"es"}]}},"_links":{"self":[{"href":"https:\/\/ximena.demendieta.name\/index.php?rest_route=\/wp\/v3\/product\/47","targetHints":{"allow":["GET"]}}],"collection":[{"href":"https:\/\/ximena.demendieta.name\/index.php?rest_route=\/wp\/v3\/product"}],"about":[{"href":"https:\/\/ximena.demendieta.name\/index.php?rest_route=\/wp\/v2\/types\/product"}],"replies":[{"embeddable":true,"href":"https:\/\/ximena.demendieta.name\/index.php?rest_route=%2Fwp%2Fv2%2Fcomments&post=47"}],"wp:featuredmedia":[{"embeddable":true,"href":"https:\/\/ximena.demendieta.name\/index.php?rest_route=\/wp\/v2\/media\/49"}],"wp:attachment":[{"href":"https:\/\/ximena.demendieta.name\/index.php?rest_route=%2Fwp%2Fv2%2Fmedia&parent=47"}],"wp:term":[{"taxonomy":"product_cat","embeddable":true,"href":"https:\/\/ximena.demendieta.name\/index.php?rest_route=%2Fwp%2Fv2%2Fproduct_cat&post=47"},{"taxonomy":"product_tag","embeddable":true,"href":"https:\/\/ximena.demendieta.name\/index.php?rest_route=%2Fwp%2Fv2%2Fproduct_tag&post=47"}],"curies":[{"name":"wp","href":"https:\/\/api.w.org\/{rel}","templated":true}]}}